{"id":3,"date":"2020-05-04T15:20:52","date_gmt":"2020-05-04T13:20:52","guid":{"rendered":"https:\/\/drive-solidaire.fr\/?page_id=3"},"modified":"2020-06-04T10:40:38","modified_gmt":"2020-06-04T08:40:38","slug":"politique-de-confidentialite","status":"publish","type":"page","link":"https:\/\/drive-solidaire.fr\/?page_id=3","title":{"rendered":"Politique de confidentialit\u00e9"},"content":{"rendered":"\n<h2 class=\"wp-block-heading\">Qui sommes-nous&nbsp;?<\/h2>\n\n\n\n<p>L\u2019adresse de notre site Web est&nbsp;: <a href=\"https:\/\/drive-solidaire.fr\">https:\/\/drive-solidaire.fr<\/a>.<\/p>\n\n\n\n<h2 class=\"wp-block-heading\">Ce que nous collectons et stockons<\/h2>\n\n\n\n<p>Pendant votre visite du site, nous suivons&nbsp;:<\/p>\n\n\n\n<ul class=\"wp-block-list\"><li>Produits que vous avez vu&nbsp;: nous les utilisons pour, par exemple, afficher des produits que vous avez r\u00e9cemment vu<\/li><li>Localisation, adresse IP et type de navigateur&nbsp;: nous les utilisons pour l\u2018estimation des taxes et frais de livraison s&rsquo;il y a lieu.<\/li><li>Adresse de facturation<\/li><\/ul>\n\n\n\n<p>Nous utilisons des cookies pour suivre les contenus du panier pendant que vous naviguez sur notre site.<\/p>\n\n\n\n<p>Quand vous achetez sur notre site web, nous vous demanderons de fournir des informations incluant votre nom, adresse de facturation, adresse de livraison, adresse de messagerie, num\u00e9ro de t\u00e9l\u00e9phone, donn\u00e9es de paiement \/ carte bancaire et \u00e9ventuellement les donn\u00e9es du compte tel que l\u2019identifiant et le mot de passe. Ces informations seront utilis\u00e9es pour&nbsp;:<\/p>\n\n\n\n<ul class=\"wp-block-list\"><li>Envoie de l\u2019information \u00e0 propos de votre compte et commande<\/li><li>R\u00e9pondre aux demandes, incluant les remboursements et plaintes<\/li><li>Traitement des paiements et pr\u00e9vention de la fraude<\/li><li>Configurez votre compte pour notre boutique<\/li><li>Se conformer avec toute obligation l\u00e9gale, telle que le calcul des taxes<\/li><li>Am\u00e9liorer les offres de notre boutique<\/li><li>Vous envoyer des messages marketing, si vous choisissez d\u2019en recevoir<\/li><\/ul>\n\n\n\n<p>Nous stockons g\u00e9n\u00e9ralement vos informations aussi longtemps que nous en avons besoin pour l\u2019usage pour lequel nous les collectons et utilisons, et nous ne sommes pas oblig\u00e9s l\u00e9galement de continuer \u00e0 les conserver. <\/p>\n\n\n\n<p>Nous stockons aussi les commentaires ou avis, si vous choisissez d\u2019en envoyer.<\/p>\n\n\n\n<h2 class=\"wp-block-heading\">Qui de notre \u00e9quipe a acc\u00e8s aux donn\u00e9es<\/h2>\n\n\n\n<p>Les membres de notre \u00e9quipe ont acc\u00e8s aux informations que vous nous fournissez. Par exemple, les administrateurs et g\u00e9rants de boutique ont acc\u00e8s&nbsp;:<\/p>\n\n\n\n<ul class=\"wp-block-list\"><li>Information de commande tel que ce qui a \u00e9t\u00e9 achet\u00e9, quand et o\u00f9 cela doit \u00eatre envoy\u00e9, et<\/li><li>Information client tel que votre nom, adresse de messagerie et informations de facturation et livraison.<\/li><\/ul>\n\n\n\n<p>Notre \u00e9quipe a acc\u00e8s \u00e0 ces informations pour tra\u00eeter les commandes, effectuer les remboursements et vous aider.<\/p>\n\n\n\n<h2 class=\"wp-block-heading\">Ce que nous partageons avec d\u2019autres<\/h2>\n\n\n\n<p>Nous partageons des donn\u00e9es avec des tiers qui nous aident \u00e0 g\u00e9rer nos commandes et services de la boutique.<\/p>\n\n\n\n<h2 class=\"wp-block-heading\">Paiements<\/h2>\n\n\n\n<p>Nous acceptons les paiements par PayPal. Lors du traitement des paiements, certains donn\u00e9es seront transmises \u00e0 PayPal, incluant l\u2019information obligatoires \u00e0 l\u2019ex\u00e9cution du paiement, tel que le montant total ou les informations de facturation.<\/p>\n\n\n\n<p>Veuillez lire la <a href=\"https:\/\/www.paypal.com\/us\/webapps\/mpp\/ua\/privacy-full\">politique de confidentialit\u00e9 de PayPal<\/a> pour plus de d\u00e9tails.<\/p>\n\n\n\n<h2 class=\"wp-block-heading\">Informations suppl\u00e9mentaires<\/h2>\n\n\n\n<p>Le site internet drive-solidaire.fr appartient \u00e0 la soci\u00e9t\u00e9 Impressions Modernes, domicili\u00e9e au 22 rue Marc Seguin 07500 Guilherand Granges \u2013 RCS 320 915 168 Aubenas.<\/p>\n\n\n\n<p>Le site a pour but d\u2019aider les associations \u00e0 organiser des drives pour mettre en avant leurs sponsors et avoir une rentr\u00e9e d\u2019argent pour le club.<\/p>\n\n\n\n<p>C\u2019est un outil de prise de commande sur les \u00e9v\u00e8nements organis\u00e9s par les clubs.<\/p>\n\n\n\n<p>Le Club est responsable de l\u2019\u00e9v\u00e8nement \u00e0 mettre en place.<\/p>\n\n\n\n<p>Les commandes seront enregistr\u00e9es et sont pr\u00e9pay\u00e9s gr\u00e2ce au site en passant par un lien PayPal.<\/p>\n\n\n\n<p>Pour enregistrer un \u00e9v\u00e8nement sur le site, le club doit pr\u00e9alablement remplir un formulaire d\u2019engagement comprenant toutes les informations n\u00e9cessaires et nous le retourner par mail \u00e0 <strong>yris.dragon@impressions-modernes.fr<\/strong><\/p>\n\n\n\n<p>Une fois valid\u00e9 par les services des Impressions Modernes l\u2019offre mise en ligne est disponible \u00e0 la vente.<\/p>\n\n\n\n<p>La communication est \u00e0 la charge du club.<\/p>\n\n\n\n<p>Les frais de transactions sont ceux de PayPal (0.34\u20ac\/transaction) et les frais de mise en ligne sur le site drive-solidaire.fr sont de 100\u20ac TTC par \u00e9v\u00e8nement.<\/p>\n\n\n\n<p>La recette calcul\u00e9e en fonction des ventes est revers\u00e9e par virement apr\u00e8s l\u2019\u00e9v\u00e8nement (frais de transaction et frais de mise en ligne d\u00e9duits)<\/p>\n\n\n\n<p>Il est important que l\u2019association tienne compte des frais fixes de transactions et de mise en ligne pour \u00e9valuer la rentabilit\u00e9 d\u2019un \u00e9v\u00e9nement avant de la proposer.<\/p>\n\n\n\n<p>Si un Drive devrait \u00eatre annul\u00e9, Impressions Modernes reversera au club l\u2019agent per\u00e7u (moins les frais ci-dessus) charge au club de s\u2019occuper des remboursements aupr\u00e8s des personnes qui auraient pass\u00e9 commande.<\/p>\n\n\n\n<p>Le site n\u2019a pas vocation d\u2019\u00eatre permanent, il s\u2019arr\u00eatera donc le 26 septembre 2020.<\/p>\n","protected":false},"excerpt":{"rendered":"<p>Qui sommes-nous&nbsp;? L\u2019adresse de notre site Web est&nbsp;: https:\/\/drive-solidaire.fr. Ce que nous collectons et stockons Pendant votre visite du site, nous suivons&nbsp;: Produits que vous avez vu&nbsp;: nous les utilisons pour, par exemple, afficher des produits que vous avez r\u00e9cemment vu Localisation, adresse IP et type de navigateur&nbsp;: nous les [&hellip;]<\/p>\n","protected":false},"author":1,"featured_media":0,"parent":0,"menu_order":0,"comment_status":"closed","ping_status":"open","template":"","meta":{"footnotes":""},"class_list":["post-3","page","type-page","status-publish","hentry"],"_links":{"self":[{"href":"https:\/\/drive-solidaire.fr\/index.php?rest_route=\/wp\/v2\/pages\/3","targetHints":{"allow":["GET"]}}],"collection":[{"href":"https:\/\/drive-solidaire.fr\/index.php?rest_route=\/wp\/v2\/pages"}],"about":[{"href":"https:\/\/drive-solidaire.fr\/index.php?rest_route=\/wp\/v2\/types\/page"}],"author":[{"embeddable":true,"href":"https:\/\/drive-solidaire.fr\/index.php?rest_route=\/wp\/v2\/users\/1"}],"replies":[{"embeddable":true,"href":"https:\/\/drive-solidaire.fr\/index.php?rest_route=%2Fwp%2Fv2%2Fcomments&post=3"}],"version-history":[{"count":4,"href":"https:\/\/drive-solidaire.fr\/index.php?rest_route=\/wp\/v2\/pages\/3\/revisions"}],"predecessor-version":[{"id":472,"href":"https:\/\/drive-solidaire.fr\/index.php?rest_route=\/wp\/v2\/pages\/3\/revisions\/472"}],"wp:attachment":[{"href":"https:\/\/drive-solidaire.fr\/index.php?rest_route=%2Fwp%2Fv2%2Fmedia&parent=3"}],"curies":[{"name":"wp","href":"https:\/\/api.w.org\/{rel}","templated":true}]}}