{"id":91,"date":"2020-05-06T11:06:22","date_gmt":"2020-05-06T09:06:22","guid":{"rendered":"https:\/\/drive-solidaire.fr\/?page_id=91"},"modified":"2020-05-18T15:51:39","modified_gmt":"2020-05-18T13:51:39","slug":"accueil","status":"publish","type":"page","link":"https:\/\/drive-solidaire.fr\/","title":{"rendered":"Accueil"},"content":{"rendered":"\n<div class=\"wp-block-media-text alignwide has-media-on-the-right is-stacked-on-mobile\" style=\"grid-template-columns:auto 44%\"><figure class=\"wp-block-media-text__media\"><img loading=\"lazy\" decoding=\"async\" width=\"566\" height=\"157\" src=\"https:\/\/drive-solidaire.fr\/wp-content\/uploads\/2020\/05\/icons.png\" alt=\"icons\" class=\"wp-image-204\" srcset=\"https:\/\/drive-solidaire.fr\/wp-content\/uploads\/2020\/05\/icons.png 566w, https:\/\/drive-solidaire.fr\/wp-content\/uploads\/2020\/05\/icons-300x83.png 300w\" sizes=\"auto, (max-width: 566px) 100vw, 566px\" \/><\/figure><div class=\"wp-block-media-text__content\">\n<h4 class=\"has-text-color wp-block-heading\" style=\"color:#d8d64e\">Envie de vous faire plaisir en toute simplicit\u00e9 en participant \u00e0 la vie \u00e9conomique de votre commune<\/h4>\n\n\n\n<p style=\"font-size:14px\" class=\"has-text-color has-white-color\"><strong>D\u00e9couvrez ce nouveau concept de drive service :<\/strong><br>\u00c0 tour de r\u00f4le vos associations locales vous proposent leurs services \u00e0 un tarif pr\u00e9f\u00e9rentiel :<br>un plat savoureux, une bonne d\u00e9gustation de vin, ou encore un bouquet de fleur pour une occasion\u2026<br>Choisissez votre \u00e9v\u00e8nement et payez en ligne, vous n&rsquo;avez ensuite plus qu&rsquo;\u00e0 vous rendre sur sur le lieu indiqu\u00e9 dans MA VILLE en pr\u00e9sentant le QR Code g\u00e9n\u00e9r\u00e9 apr\u00e8s le paiement pour retirer votre offre !<\/p>\n\n\n\n<p class=\"has-text-color has-normal-font-size has-white-color\"><strong>C&rsquo;est simple, s\u00fbr et solidaire, profitez-en !<\/strong><\/p>\n<\/div><\/div>\n\n\n\n<p><\/p>\n","protected":false},"excerpt":{"rendered":"<p>Envie de vous faire plaisir en toute simplicit\u00e9 en participant \u00e0 la vie \u00e9conomique de votre commune D\u00e9couvrez ce nouveau concept de drive service :\u00c0 tour de r\u00f4le vos associations locales vous proposent leurs services \u00e0 un tarif pr\u00e9f\u00e9rentiel :un plat savoureux, une bonne d\u00e9gustation de vin, ou encore un [&hellip;]<\/p>\n","protected":false},"author":1,"featured_media":0,"parent":0,"menu_order":0,"comment_status":"closed","ping_status":"closed","template":"","meta":{"footnotes":""},"class_list":["post-91","page","type-page","status-publish","hentry"],"_links":{"self":[{"href":"https:\/\/drive-solidaire.fr\/index.php?rest_route=\/wp\/v2\/pages\/91","targetHints":{"allow":["GET"]}}],"collection":[{"href":"https:\/\/drive-solidaire.fr\/index.php?rest_route=\/wp\/v2\/pages"}],"about":[{"href":"https:\/\/drive-solidaire.fr\/index.php?rest_route=\/wp\/v2\/types\/page"}],"author":[{"embeddable":true,"href":"https:\/\/drive-solidaire.fr\/index.php?rest_route=\/wp\/v2\/users\/1"}],"replies":[{"embeddable":true,"href":"https:\/\/drive-solidaire.fr\/index.php?rest_route=%2Fwp%2Fv2%2Fcomments&post=91"}],"version-history":[{"count":20,"href":"https:\/\/drive-solidaire.fr\/index.php?rest_route=\/wp\/v2\/pages\/91\/revisions"}],"predecessor-version":[{"id":451,"href":"https:\/\/drive-solidaire.fr\/index.php?rest_route=\/wp\/v2\/pages\/91\/revisions\/451"}],"wp:attachment":[{"href":"https:\/\/drive-solidaire.fr\/index.php?rest_route=%2Fwp%2Fv2%2Fmedia&parent=91"}],"curies":[{"name":"wp","href":"https:\/\/api.w.org\/{rel}","templated":true}]}}