{"id":476,"date":"2020-06-04T16:38:31","date_gmt":"2020-06-04T14:38:31","guid":{"rendered":"https:\/\/drive-solidaire.fr\/?post_type=product&#038;p=476"},"modified":"2020-08-31T08:54:12","modified_gmt":"2020-08-31T06:54:12","slug":"20-juin-2020-bieres-artisanales-locales","status":"publish","type":"product","link":"https:\/\/drive-solidaire.fr\/?product=20-juin-2020-bieres-artisanales-locales","title":{"rendered":"20 Juin 2020 : Bi\u00e8res Artisanales Locales"},"content":{"rendered":"<p>En partenariat avec la cave des Crus d\u2019Sol (<span>photo non contractuelle<\/span>)<\/p>\n<p><strong>ATTENTION :<\/strong> Si vous voulez commander plusieurs produits appartenant \u00e0 diff\u00e9rents drive, vous devrez faire une commande par drive.<\/p>\n","protected":false},"excerpt":{"rendered":"<p>Drive solidaire pour le BASSIN DE CRUSSOL RUGBY, <span>Samedi 20 juin de <strong>10h \u00e0 12h<\/strong> &#8211; <\/span>Parking de la cave des Crus d\u2019Sol.<strong><\/strong><\/p>\n<p>Pour la f\u00eate des p\u00e8res du Dimanche 21 Juin, offrez-lui un coffret de 4 bi\u00e8res artisanales locales.<\/p>\n","protected":false},"featured_media":567,"template":"","meta":[],"product_brand":[],"product_cat":[30],"product_tag":[],"class_list":{"0":"post-476","1":"product","2":"type-product","3":"status-publish","4":"has-post-thumbnail","6":"product_cat-bassin-de-crussol-rugby","8":"first","9":"outofstock","10":"shipping-taxable","11":"purchasable","12":"product-type-simple"},"_links":{"self":[{"href":"https:\/\/drive-solidaire.fr\/index.php?rest_route=\/wp\/v2\/product\/476","targetHints":{"allow":["GET"]}}],"collection":[{"href":"https:\/\/drive-solidaire.fr\/index.php?rest_route=\/wp\/v2\/product"}],"about":[{"href":"https:\/\/drive-solidaire.fr\/index.php?rest_route=\/wp\/v2\/types\/product"}],"wp:featuredmedia":[{"embeddable":true,"href":"https:\/\/drive-solidaire.fr\/index.php?rest_route=\/wp\/v2\/media\/567"}],"wp:attachment":[{"href":"https:\/\/drive-solidaire.fr\/index.php?rest_route=%2Fwp%2Fv2%2Fmedia&parent=476"}],"wp:term":[{"taxonomy":"product_brand","embeddable":true,"href":"https:\/\/drive-solidaire.fr\/index.php?rest_route=%2Fwp%2Fv2%2Fproduct_brand&post=476"},{"taxonomy":"product_cat","embeddable":true,"href":"https:\/\/drive-solidaire.fr\/index.php?rest_route=%2Fwp%2Fv2%2Fproduct_cat&post=476"},{"taxonomy":"product_tag","embeddable":true,"href":"https:\/\/drive-solidaire.fr\/index.php?rest_route=%2Fwp%2Fv2%2Fproduct_tag&post=476"}],"curies":[{"name":"wp","href":"https:\/\/api.w.org\/{rel}","templated":true}]}}