{"id":810,"date":"2022-01-14T11:52:07","date_gmt":"2022-01-14T10:52:07","guid":{"rendered":"https:\/\/drive-solidaire.fr\/?post_type=product&#038;p=810"},"modified":"2022-02-01T08:25:55","modified_gmt":"2022-02-01T07:25:55","slug":"4-fevrier-2022-paella","status":"publish","type":"product","link":"https:\/\/drive-solidaire.fr\/?product=4-fevrier-2022-paella","title":{"rendered":"4 f\u00e9vrier 2022 : Pa\u00eblla"},"content":{"rendered":"<p><span>Vendue \u00e0 la barquette<\/span> (<span>photo non contractuelle<\/span>)<\/p>\n<p>Ingr\u00e9dients:<\/p>\n<ul>\n<li>riz<\/li>\n<li><span>oignons<\/span><\/li>\n<li>poivrons<\/li>\n<li><span>moules<\/span><\/li>\n<li><span>calamars<\/span><\/li>\n<li>crevettes<\/li>\n<li><span>poulet<\/span><\/li>\n<li><span>chorizo<\/span><\/li>\n<li><span>petits pois<\/span><\/li>\n<\/ul>\n<p><strong>ATTENTION :<\/strong> Si vous voulez commander plusieurs produits appartenant \u00e0 diff\u00e9rents drive, vous devrez faire une commande par drive.<\/p>\n","protected":false},"excerpt":{"rendered":"<p>Drive solidaire pour le HBGG, <span><strong>Vendredi 4 f\u00e9vrier<\/strong> de <strong>19h \u00e0 20h<\/strong> &#8211; Parking de la Pyrite \u00e0 <\/span>Soyons. <strong>R\u00e9servation avant le 31 Janvier<\/strong><span><\/span><strong><\/strong><span><\/span><\/p>\n<p>&nbsp;<\/p>\n","protected":false},"featured_media":566,"template":"","meta":[],"product_brand":[],"product_cat":[23],"product_tag":[],"class_list":{"0":"post-810","1":"product","2":"type-product","3":"status-publish","4":"has-post-thumbnail","6":"product_cat-hbgg","8":"first","9":"outofstock","10":"shipping-taxable","11":"purchasable","12":"product-type-simple"},"_links":{"self":[{"href":"https:\/\/drive-solidaire.fr\/index.php?rest_route=\/wp\/v2\/product\/810","targetHints":{"allow":["GET"]}}],"collection":[{"href":"https:\/\/drive-solidaire.fr\/index.php?rest_route=\/wp\/v2\/product"}],"about":[{"href":"https:\/\/drive-solidaire.fr\/index.php?rest_route=\/wp\/v2\/types\/product"}],"wp:featuredmedia":[{"embeddable":true,"href":"https:\/\/drive-solidaire.fr\/index.php?rest_route=\/wp\/v2\/media\/566"}],"wp:attachment":[{"href":"https:\/\/drive-solidaire.fr\/index.php?rest_route=%2Fwp%2Fv2%2Fmedia&parent=810"}],"wp:term":[{"taxonomy":"product_brand","embeddable":true,"href":"https:\/\/drive-solidaire.fr\/index.php?rest_route=%2Fwp%2Fv2%2Fproduct_brand&post=810"},{"taxonomy":"product_cat","embeddable":true,"href":"https:\/\/drive-solidaire.fr\/index.php?rest_route=%2Fwp%2Fv2%2Fproduct_cat&post=810"},{"taxonomy":"product_tag","embeddable":true,"href":"https:\/\/drive-solidaire.fr\/index.php?rest_route=%2Fwp%2Fv2%2Fproduct_tag&post=810"}],"curies":[{"name":"wp","href":"https:\/\/api.w.org\/{rel}","templated":true}]}}