{"id":836,"date":"2022-03-16T14:28:14","date_gmt":"2022-03-16T13:28:14","guid":{"rendered":"https:\/\/drive-solidaire.fr\/?post_type=product&#038;p=836"},"modified":"2022-03-30T08:25:31","modified_gmt":"2022-03-30T06:25:31","slug":"02-avril-2022-menu-ardechois-soutien-ukraine","status":"publish","type":"product","link":"https:\/\/drive-solidaire.fr\/?product=02-avril-2022-menu-ardechois-soutien-ukraine","title":{"rendered":"02 avril 2022 : Menu Ard\u00e9chois \u00ab\u00a0Soutien Ukraine\u00a0\u00bb"},"content":{"rendered":"<p>&nbsp;<\/p>\n<p>&nbsp;<\/p>\n<p>(<span>photo non contractuelle<\/span>)<\/p>\n<p>Composition du Menu :<\/p>\n<ul>\n<li><span>Crique<\/span><\/li>\n<li><span>Caillette<\/span><span><\/span><\/li>\n<\/ul>\n<p><span>R\u00e9server avant<strong> le 30 Mars <\/strong>et venez r\u00e9cup\u00e9rer votre drive le<strong> samedi 2 Avril de 11h \u00e0 12h sur le parking de Bricorama. <\/strong><\/span><\/p>\n<p><span>Un bon de <strong>10% de r\u00e9duction <\/strong>sur tout le magasin Bricorama vous sera remis (Bon valable le samedi 2 Avril hors \u00e9lectroportatif et promotions en cours).<strong><br \/>\n<\/strong><\/span><\/p>\n<p><strong>ATTENTION :<\/strong> si vous voulez commander plusieurs produits appartenant \u00e0 diff\u00e9rents drives, vous devrez faire une commande par drive.<\/p>\n","protected":false},"excerpt":{"rendered":"<p><span>Drive solidaire de soutien pour l\u2019aide humanitaire en Ukraine avec nos partenaires <em>Impressions modernes<\/em>, <em>la Fringaline<\/em> et <em>Bricorama<\/em>.<\/span><\/p>\n<p><strong>Tous les b\u00e9n\u00e9fices du drive seront revers\u00e9s \u00e0 l\u2019association Aides Actions Internationales Pompiers pour le transport de mat\u00e9riel et l\u2019achat de produits de premi\u00e8re n\u00e9cessit\u00e9 en Ukraine<\/strong><span><\/span><strong><\/strong><\/p>\n","protected":false},"featured_media":752,"template":"","meta":[],"product_brand":[],"product_cat":[23],"product_tag":[],"class_list":{"0":"post-836","1":"product","2":"type-product","3":"status-publish","4":"has-post-thumbnail","6":"product_cat-hbgg","8":"first","9":"outofstock","10":"shipping-taxable","11":"purchasable","12":"product-type-simple"},"_links":{"self":[{"href":"https:\/\/drive-solidaire.fr\/index.php?rest_route=\/wp\/v2\/product\/836","targetHints":{"allow":["GET"]}}],"collection":[{"href":"https:\/\/drive-solidaire.fr\/index.php?rest_route=\/wp\/v2\/product"}],"about":[{"href":"https:\/\/drive-solidaire.fr\/index.php?rest_route=\/wp\/v2\/types\/product"}],"wp:featuredmedia":[{"embeddable":true,"href":"https:\/\/drive-solidaire.fr\/index.php?rest_route=\/wp\/v2\/media\/752"}],"wp:attachment":[{"href":"https:\/\/drive-solidaire.fr\/index.php?rest_route=%2Fwp%2Fv2%2Fmedia&parent=836"}],"wp:term":[{"taxonomy":"product_brand","embeddable":true,"href":"https:\/\/drive-solidaire.fr\/index.php?rest_route=%2Fwp%2Fv2%2Fproduct_brand&post=836"},{"taxonomy":"product_cat","embeddable":true,"href":"https:\/\/drive-solidaire.fr\/index.php?rest_route=%2Fwp%2Fv2%2Fproduct_cat&post=836"},{"taxonomy":"product_tag","embeddable":true,"href":"https:\/\/drive-solidaire.fr\/index.php?rest_route=%2Fwp%2Fv2%2Fproduct_tag&post=836"}],"curies":[{"name":"wp","href":"https:\/\/api.w.org\/{rel}","templated":true}]}}